{"id":1110,"date":"2021-05-02T07:53:41","date_gmt":"2021-05-02T07:53:41","guid":{"rendered":"http:\/\/pibococo.wwwnl1-ts7.a2hosted.com\/?page_id=1110"},"modified":"2024-10-08T09:02:25","modified_gmt":"2024-10-08T09:02:25","slug":"privacy-policy","status":"publish","type":"page","link":"https:\/\/www.piboco.com\/de\/privacy-policy\/","title":{"rendered":"PIBOCO Datenschutzerkl\u00e4rung"},"content":{"rendered":"<div class=\"fusion-fullwidth fullwidth-box fusion-builder-row-1 fusion-flex-container nonhundred-percent-fullwidth non-hundred-percent-height-scrolling\" style=\"background-color: rgba(255,255,255,0);background-position: center center;background-repeat: no-repeat;border-width: 0px 0px 0px 0px;border-color:#e2e2e2;border-style:solid;\" ><div class=\"fusion-builder-row fusion-row fusion-flex-align-items-flex-start\" style=\"max-width:1352px;margin-left: calc(-4% \/ 2 );margin-right: calc(-4% \/ 2 );\"><div class=\"fusion-layout-column fusion_builder_column fusion-builder-column-0 fusion_builder_column_1_1 1_1 fusion-flex-column\"><div class=\"fusion-column-wrapper fusion-flex-justify-content-flex-start fusion-content-layout-column\" style=\"background-position:left top;background-repeat:no-repeat;-webkit-background-size:cover;-moz-background-size:cover;-o-background-size:cover;background-size:cover;padding: 0px 0px 0px 0px;\"><style type=\"text\/css\">@media only screen and (max-width:1024px) {.fusion-title.fusion-title-1{margin-top:10px!important; margin-right:0px!important;margin-bottom:15px!important;margin-left:0px!important;}}@media only screen and (max-width:640px) {.fusion-title.fusion-title-1{margin-top:10px!important; margin-right:0px!important;margin-bottom:10px!important; margin-left:0px!important;}}<\/style><div class=\"fusion-title title fusion-title-1 fusion-sep-none fusion-title-center fusion-title-text fusion-title-size-one medium-title-60\" style=\"margin-top:10px;margin-right:0px;margin-bottom:15px;margin-left:0px;\"><h1 class=\"title-heading-center\" style=\"margin:0;\">PIBOCO Datenschutzerkl\u00e4rung<\/h1><\/div><div class=\"fusion-builder-row fusion-builder-row-inner fusion-row fusion-flex-align-items-flex-start\" style=\"width:104% !important;max-width:104% !important;margin-left: calc(-4% \/ 2 );margin-right: calc(-4% \/ 2 );\"><div class=\"fusion-layout-column fusion_builder_column_inner fusion-builder-nested-column-0 fusion_builder_column_inner_1_2 1_2 fusion-flex-column\"><div class=\"fusion-column-wrapper fusion-flex-justify-content-flex-start fusion-content-layout-column\" style=\"background-position:left top;background-repeat:no-repeat;-webkit-background-size:cover;-moz-background-size:cover;-o-background-size:cover;background-size:cover;padding: 0px 0px 0px 0px;\"><div class=\"fusion-text fusion-text-1\"><h4><strong>DIESES DOKUMENT BESCHREIBT, WIE PIBOCO (\"WIR\", \"UNS\", \"UNSER\") DATEN IN UNSERER APP PIBOCO (DAS \"PRODUKT\") SAMMELT UND VERWENDET.<\/strong><\/h4>\n<\/div><\/div><style type=\"text\/css\">.fusion-body .fusion-builder-nested-column-0{width:50% !important;margin-top : 0px;margin-bottom : 20px;}.fusion-builder-nested-column-0 > .fusion-column-wrapper {padding-top : 0px !important;padding-right : 0px !important;margin-right : 3.84%;padding-bottom : 0px !important;padding-left : 0px !important;margin-left : 3.84%;}@media only screen and (max-width:1024px) {.fusion-body .fusion-builder-nested-column-0{width:50% !important;order : 0;}.fusion-builder-nested-column-0 > .fusion-column-wrapper {margin-right : 3.84%;margin-left : 3.84%;}}@media only screen and (max-width:640px) {.fusion-body .fusion-builder-nested-column-0{width:100% !important;order : 0;}.fusion-builder-nested-column-0 > .fusion-column-wrapper {margin-right : 1.92%;margin-left : 1.92%;}}<\/style><\/div><div class=\"fusion-layout-column fusion_builder_column_inner fusion-builder-nested-column-1 fusion_builder_column_inner_1_2 1_2 fusion-flex-column\"><div class=\"fusion-column-wrapper fusion-flex-justify-content-flex-start fusion-content-layout-column\" style=\"background-position:left top;background-repeat:no-repeat;-webkit-background-size:cover;-moz-background-size:cover;-o-background-size:cover;background-size:cover;padding: 0px 0px 0px 0px;\"><div style=\"text-align:center;\"><span class=\"fusion-imageframe imageframe-none imageframe-1 hover-type-none\"><img decoding=\"async\" title=\"Artboard Copy 43\" src=\"https:\/\/www.piboco.com\/wp-content\/uploads\/2021\/11\/web-text_DE-quality-is-key.svg\" class=\"img-responsive wp-image-1287\"\/><\/span><\/div><\/div><style type=\"text\/css\">.fusion-body .fusion-builder-nested-column-1{width:50% !important;margin-top : 0px;margin-bottom : 20px;}.fusion-builder-nested-column-1 > .fusion-column-wrapper {padding-top : 0px !important;padding-right : 0px !important;margin-right : 3.84%;padding-bottom : 0px !important;padding-left : 0px !important;margin-left : 3.84%;}@media only screen and (max-width:1024px) {.fusion-body .fusion-builder-nested-column-1{width:50% !important;order : 0;}.fusion-builder-nested-column-1 > .fusion-column-wrapper {margin-right : 3.84%;margin-left : 3.84%;}}@media only screen and (max-width:640px) {.fusion-body .fusion-builder-nested-column-1{width:100% !important;order : 0;}.fusion-builder-nested-column-1 > .fusion-column-wrapper {margin-right : 1.92%;margin-left : 1.92%;}}<\/style><\/div><\/div><div class=\"fusion-text fusion-text-2\"><h5><strong>1. Hintergrund<\/strong><\/h5>\n<ul>\n<li>Piboco ApS, Kompagnistr\u00e6de 16, 3. Stock, 1208 Kopenhagen K (\u201euns\u201c, \u201ewir\u201c oder \u201eunser\u201c) ist der Datenverantwortliche f\u00fcr Ihre personenbezogenen Daten. Wir respektieren Ihre Privatsph\u00e4re und verpflichten uns, die personenbezogenen Daten zu sch\u00fctzen, die Sie uns bei der Nutzung der mobilen Anwendung PIBOCO (die \u201eApp\u201c) zur Verf\u00fcgung stellen. Diese Datenschutzrichtlinie (\u201eDatenschutzrichtlinie\u201c) regelt Ihre Nutzung der App und hilft Ihnen zu verstehen, welche personenbezogenen Daten wir sammeln, warum wir sie sammeln und wie wir sie verwenden.<\/li>\n<li>Diese Datenschutzerkl\u00e4rung gilt nur f\u00fcr die Erhebung Ihrer personenbezogenen Daten durch uns im Rahmen der App. Sie verstehen und stimmen zu, dass in Bezug auf die App die entsprechenden Datenschutzrichtlinien und Gesch\u00e4ftsbedingungen jedes App-Stores, in dem die App gehostet wird (z. B. Google Play, der Apple App Store), auch in Bezug auf Ihre pers\u00f6nlichen Daten gelten an den App Store geliefert haben, um Ihnen den Download unserer App zu erm\u00f6glichen.<\/li>\n<\/ul>\n<h5><strong>2. Kinder unter 13 Jahren<\/strong><\/h5>\n<ul>\n<li>Wir werden wissentlich keine personenbezogenen Daten von Personen unter 13 Jahren sammeln. Wir empfehlen Eltern, ihre Kinder anzuweisen, im Internet niemals personenbezogene Daten preiszugeben. Eltern, die Bedenken hinsichtlich der \u00dcbermittlung personenbezogener Daten ihrer Kinder haben, k\u00f6nnen uns \u00fcber die Kontaktinformationen in Abschnitt 9.1 kontaktieren.<\/li>\n<\/ul>\n<h5><strong>3. Personenbezogene Daten, die wir von Ihnen erheben<\/strong><\/h5>\n<ul>\n<li>Personenbezogene Daten sind Informationen, die sich \u2013 auf die eine oder andere Weise \u2013 auf Sie beziehen k\u00f6nnen, wie Adresse, Geschlecht, Name, E-Mail-Adresse usw.<\/li>\n<li>Unsere App erfordert oder unterst\u00fctzt keine Registrierung von Benutzerinformationen\/Ihren pers\u00f6nlichen Daten und kann v\u00f6llig anonym verwendet werden.<\/li>\n<\/ul>\n<h5><strong>4. Nicht personenbezogene Daten, die wir automatisch sammeln<\/strong><\/h5>\n<ul>\n<li>Nicht personenbezogene Daten sind alle Arten von Informationen au\u00dfer personenbezogenen Daten. Gem\u00e4\u00df dieser Datenschutzrichtlinie umfassen nicht pers\u00f6nlich identifizierbare Informationen Serverprotokolle von Ihrer Ger\u00e4te-ID und -typ, Sprache, Ger\u00e4tebetriebssystem, Zugriffszeiten, geografischer Standort des Ger\u00e4ts (sofern aktiviert) und andere Arten von Informationen, die in eine zuf\u00e4llige Abfolge umgewandelt werden. aussehende Zeichen, die nicht mehr erkennbar sind (\u201eNutzungsinformationen\u201c).<\/li>\n<li>Wir k\u00f6nnen bestimmte Nutzungsinformationen automatisch erfassen, einschlie\u00dflich, aber nicht beschr\u00e4nkt auf den Typ des von Ihnen verwendeten Mobilger\u00e4ts, die eindeutige Ger\u00e4te-ID Ihres Mobilger\u00e4ts, Ihr mobiles Betriebssystem und Informationen \u00fcber die Art und Weise, wie Sie unsere App verwenden.<\/li>\n<li>Wir verwenden diese Nutzungsinformationen nur, um die Pr\u00e4ferenzen und den technischen Hintergrund unserer Nutzer zu analysieren, um unsere App dauerhaft zu verbessern und unsere App f\u00fcr m\u00f6glichst viele Nutzer attraktiv zu gestalten. Wir verwenden die Informationen nicht auf eine Weise, die einen einzelnen Benutzer identifizieren w\u00fcrde.<\/li>\n<\/ul>\n<h5><strong>5. Dienstleister \u2013 Analytik<\/strong><\/h5>\n<ul>\n<li>Wir k\u00f6nnen Drittanbieter einsetzen, um die Nutzung unserer App zu \u00fcberwachen und zu analysieren. Diese Drittanbieter k\u00f6nnen auch Ihre Nutzungsinformationen erhalten, um uns zu helfen, zu verstehen, wie die App verwendet wird, z. B. die H\u00e4ufigkeit und Dauer der Nutzung. Wir geben niemals zusammengefasste Informationen an einen Partner in einer Weise weiter, die einen Benutzer pers\u00f6nlich identifizieren w\u00fcrde.<\/li>\n<\/ul>\n<h5><strong>6. Sicherheit<\/strong><\/h5>\n<ul>\n<li>Wir haben angemessene technische, administrative und physische Sicherheitsma\u00dfnahmen ergriffen, um uns vor unbefugtem Zugriff, Verwendung oder Offenlegung der von uns gesammelten oder gespeicherten Informationen zu sch\u00fctzen. Die Informationen sind nur vertrauensw\u00fcrdigen Mitarbeitern zug\u00e4nglich.<\/li>\n<\/ul>\n<h5><strong>7. \u00c4nderungen der Datenschutzerkl\u00e4rung<\/strong><\/h5>\n<ul>\n<li>Diese Datenschutzrichtlinie kann von Zeit zu Zeit ge\u00e4ndert werden. Wir werden Sie \u00fcber alle \u00c4nderungen unserer Datenschutzrichtlinie in der App informieren.<\/li>\n<\/ul>\n<h5><strong>8. Ihre Rechte<\/strong><\/h5>\n<ul>\n<li>Sie k\u00f6nnen jederzeit Auskunft und Einsicht dar\u00fcber verlangen, welche Informationen wir von Ihnen gesammelt haben. Dar\u00fcber hinaus haben Sie das Recht auf Berichtigung falscher Daten, auf Einschr\u00e4nkung der Verarbeitung und auf L\u00f6schung Ihrer personenbezogenen Daten.<\/li>\n<\/ul>\n<h5><strong>9. Fragen oder Bedenken<\/strong><\/h5>\n<ul>\n<li>Da wir wissen, dass Ihnen die Verwendung Ihrer personenbezogenen Daten wichtig ist, k\u00f6nnen Sie uns bei Beschwerden, Fragen und\/oder Vorschl\u00e4gen zu unserer Datenschutzrichtlinie direkt eine E-Mail an contact@piboco.com senden. Wir werden unser Bestes tun, um Ihre Fragen zu beantworten und Ihre Bedenken zu l\u00f6sen.<\/li>\n<li>Sie k\u00f6nnen sich auch \u00fcber unsere Behandlung bei der d\u00e4nischen Datenschutzbeh\u00f6rde beschweren:<\/li>\n<\/ul>\n<p>Datatilsynet<br \/>\nStudiestr\u00e6de 39, 1st floor<br \/>\nDK-1455 Copenhagen K<\/p>\n<\/div><\/div><style type=\"text\/css\">.fusion-body .fusion-builder-column-0{width:100% !important;margin-top : 0px;margin-bottom : 20px;}.fusion-builder-column-0 > .fusion-column-wrapper {padding-top : 0px !important;padding-right : 0px !important;margin-right : 1.92%;padding-bottom : 0px !important;padding-left : 0px !important;margin-left : 1.92%;}@media only screen and (max-width:1024px) {.fusion-body .fusion-builder-column-0{width:100% !important;order : 0;}.fusion-builder-column-0 > .fusion-column-wrapper {margin-right : 1.92%;margin-left : 1.92%;}}@media only screen and (max-width:640px) {.fusion-body .fusion-builder-column-0{width:100% !important;order : 0;}.fusion-builder-column-0 > .fusion-column-wrapper {margin-right : 1.92%;margin-left : 1.92%;}}<\/style><\/div><\/div><style type=\"text\/css\">.fusion-body .fusion-flex-container.fusion-builder-row-1{ padding-top : 0px;margin-top : 0px;padding-right : 0px;padding-bottom : 0px;margin-bottom : 0px;padding-left : 0px;}<\/style><\/div>","protected":false},"excerpt":{"rendered":"","protected":false},"author":1,"featured_media":0,"parent":0,"menu_order":6,"comment_status":"closed","ping_status":"closed","template":"","meta":{"_acf_changed":false,"inline_featured_image":false,"footnotes":""},"class_list":["post-1110","page","type-page","status-publish","hentry"],"acf":[],"_links":{"self":[{"href":"https:\/\/www.piboco.com\/de\/wp-json\/wp\/v2\/pages\/1110","targetHints":{"allow":["GET"]}}],"collection":[{"href":"https:\/\/www.piboco.com\/de\/wp-json\/wp\/v2\/pages"}],"about":[{"href":"https:\/\/www.piboco.com\/de\/wp-json\/wp\/v2\/types\/page"}],"author":[{"embeddable":true,"href":"https:\/\/www.piboco.com\/de\/wp-json\/wp\/v2\/users\/1"}],"replies":[{"embeddable":true,"href":"https:\/\/www.piboco.com\/de\/wp-json\/wp\/v2\/comments?post=1110"}],"version-history":[{"count":5,"href":"https:\/\/www.piboco.com\/de\/wp-json\/wp\/v2\/pages\/1110\/revisions"}],"predecessor-version":[{"id":4698,"href":"https:\/\/www.piboco.com\/de\/wp-json\/wp\/v2\/pages\/1110\/revisions\/4698"}],"wp:attachment":[{"href":"https:\/\/www.piboco.com\/de\/wp-json\/wp\/v2\/media?parent=1110"}],"curies":[{"name":"wp","href":"https:\/\/api.w.org\/{rel}","templated":true}]}}