{"id":1110,"date":"2021-05-02T07:53:41","date_gmt":"2021-05-02T07:53:41","guid":{"rendered":"http:\/\/pibococo.wwwnl1-ts7.a2hosted.com\/?page_id=1110"},"modified":"2024-10-08T09:02:25","modified_gmt":"2024-10-08T09:02:25","slug":"privacy-policy","status":"publish","type":"page","link":"http:\/\/www.piboco.com\/es\/privacy-policy\/","title":{"rendered":"PIBOCO Pol\u00edtica de privacidad"},"content":{"rendered":"<div class=\"fusion-fullwidth fullwidth-box fusion-builder-row-1 fusion-flex-container nonhundred-percent-fullwidth non-hundred-percent-height-scrolling\" style=\"background-color: rgba(255,255,255,0);background-position: center center;background-repeat: no-repeat;border-width: 0px 0px 0px 0px;border-color:#e2e2e2;border-style:solid;\" ><div class=\"fusion-builder-row fusion-row fusion-flex-align-items-flex-start\" style=\"max-width:1352px;margin-left: calc(-4% \/ 2 );margin-right: calc(-4% \/ 2 );\"><div class=\"fusion-layout-column fusion_builder_column fusion-builder-column-0 fusion_builder_column_1_1 1_1 fusion-flex-column\"><div class=\"fusion-column-wrapper fusion-flex-justify-content-flex-start fusion-content-layout-column\" style=\"background-position:left top;background-repeat:no-repeat;-webkit-background-size:cover;-moz-background-size:cover;-o-background-size:cover;background-size:cover;padding: 0px 0px 0px 0px;\"><style type=\"text\/css\">@media only screen and (max-width:1024px) {.fusion-title.fusion-title-1{margin-top:10px!important; margin-right:0px!important;margin-bottom:15px!important;margin-left:0px!important;}}@media only screen and (max-width:640px) {.fusion-title.fusion-title-1{margin-top:10px!important; margin-right:0px!important;margin-bottom:10px!important; margin-left:0px!important;}}<\/style><div class=\"fusion-title title fusion-title-1 fusion-sep-none fusion-title-center fusion-title-text fusion-title-size-one medium-title-60\" style=\"margin-top:10px;margin-right:0px;margin-bottom:15px;margin-left:0px;\"><h1 class=\"title-heading-center\" style=\"margin:0;\">PIBOCO Pol\u00edtica de privacidad<\/h1><\/div><div class=\"fusion-builder-row fusion-builder-row-inner fusion-row fusion-flex-align-items-flex-start\" style=\"width:104% !important;max-width:104% !important;margin-left: calc(-4% \/ 2 );margin-right: calc(-4% \/ 2 );\"><div class=\"fusion-layout-column fusion_builder_column_inner fusion-builder-nested-column-0 fusion_builder_column_inner_1_2 1_2 fusion-flex-column\"><div class=\"fusion-column-wrapper fusion-flex-justify-content-flex-start fusion-content-layout-column\" style=\"background-position:left top;background-repeat:no-repeat;-webkit-background-size:cover;-moz-background-size:cover;-o-background-size:cover;background-size:cover;padding: 0px 0px 0px 0px;\"><div class=\"fusion-text fusion-text-1\"><h4><strong>ESTE DOCUMENTO DESCRIBE C\u00d3MO PIBOCO (\u00abNOSOTROS\u00bb, \u00abNUESTRO\u00bb) RECOGE Y UTILIZA LOS DATOS DENTRO DE LA APLICACI\u00d3N PIBOCO (EL \u00abPRODUCTO\u00bb)<\/strong><\/h4>\n<\/div><\/div><style type=\"text\/css\">.fusion-body .fusion-builder-nested-column-0{width:50% !important;margin-top : 0px;margin-bottom : 20px;}.fusion-builder-nested-column-0 > .fusion-column-wrapper {padding-top : 0px !important;padding-right : 0px !important;margin-right : 3.84%;padding-bottom : 0px !important;padding-left : 0px !important;margin-left : 3.84%;}@media only screen and (max-width:1024px) {.fusion-body .fusion-builder-nested-column-0{width:50% !important;order : 0;}.fusion-builder-nested-column-0 > .fusion-column-wrapper {margin-right : 3.84%;margin-left : 3.84%;}}@media only screen and (max-width:640px) {.fusion-body .fusion-builder-nested-column-0{width:100% !important;order : 0;}.fusion-builder-nested-column-0 > .fusion-column-wrapper {margin-right : 1.92%;margin-left : 1.92%;}}<\/style><\/div><div class=\"fusion-layout-column fusion_builder_column_inner fusion-builder-nested-column-1 fusion_builder_column_inner_1_2 1_2 fusion-flex-column\"><div class=\"fusion-column-wrapper fusion-flex-justify-content-flex-start fusion-content-layout-column\" style=\"background-position:left top;background-repeat:no-repeat;-webkit-background-size:cover;-moz-background-size:cover;-o-background-size:cover;background-size:cover;padding: 0px 0px 0px 0px;\"><div style=\"text-align:center;\"><span class=\"fusion-imageframe imageframe-none imageframe-1 hover-type-none\"><img decoding=\"async\" title=\"Artboard Copy 43\" src=\"https:\/\/www.piboco.com\/wp-content\/uploads\/2021\/09\/web-text_ES-quality-is-key.svg\" class=\"img-responsive wp-image-1287\"\/><\/span><\/div><\/div><style type=\"text\/css\">.fusion-body .fusion-builder-nested-column-1{width:50% !important;margin-top : 0px;margin-bottom : 20px;}.fusion-builder-nested-column-1 > .fusion-column-wrapper {padding-top : 0px !important;padding-right : 0px !important;margin-right : 3.84%;padding-bottom : 0px !important;padding-left : 0px !important;margin-left : 3.84%;}@media only screen and (max-width:1024px) {.fusion-body .fusion-builder-nested-column-1{width:50% !important;order : 0;}.fusion-builder-nested-column-1 > .fusion-column-wrapper {margin-right : 3.84%;margin-left : 3.84%;}}@media only screen and (max-width:640px) {.fusion-body .fusion-builder-nested-column-1{width:100% !important;order : 0;}.fusion-builder-nested-column-1 > .fusion-column-wrapper {margin-right : 1.92%;margin-left : 1.92%;}}<\/style><\/div><\/div><div class=\"fusion-text fusion-text-2\"><h5><strong>1. Antecedentes<\/strong><\/h5>\n<ul>\n<li>Piboco ApS, Kompagnistr\u00e6de 16, 3\u00aa planta, 1208 Copenhague K (\"nosotros\" o \"nuestro\") es el controlador de los datos de su informaci\u00f3n personal. Respetamos su privacidad y nos comprometemos a proteger la informaci\u00f3n personal que pueda proporcionarnos al utilizar la aplicaci\u00f3n m\u00f3vil PIBOCO (la \"App\"). Esta pol\u00edtica de privacidad (\"Pol\u00edtica de Privacidad\") regula el uso de la App y le ayuda a entender qu\u00e9 informaci\u00f3n personal recogemos, por qu\u00e9 la recogemos y c\u00f3mo la utilizamos.<\/li>\n<li>Esta Pol\u00edtica de Privacidad s\u00f3lo se aplica a la recogida de sus datos personales por nuestra parte como parte de la App. Usted entiende y acepta que, con respecto a la App, las pol\u00edticas de privacidad pertinentes y los t\u00e9rminos y condiciones de cualquier tienda de aplicaciones en la que se aloje la App (es decir, como Google Play, la App Store de Apple) tambi\u00e9n se aplicar\u00e1n con respecto a cualquier informaci\u00f3n personal que haya suministrado a la App Store para permitir su descarga de nuestra App.<\/li>\n<\/ul>\n<h5><strong>2. Ni\u00f1os menores de 13 a\u00f1os<\/strong><\/h5>\n<ul>\n<li>No recopilaremos conscientemente informaci\u00f3n personal identificable de ninguna persona menor de 13 a\u00f1os. Animamos a los padres a que instruyan a sus hijos para que nunca den informaci\u00f3n personal cuando est\u00e9n en l\u00ednea. Los padres que est\u00e9n preocupados por la transferencia de informaci\u00f3n personal de sus hijos pueden ponerse en contacto con nosotros utilizando la informaci\u00f3n de contacto de la cl\u00e1usula 9.1.<\/li>\n<\/ul>\n<h5><strong>3. Informaci\u00f3n personal que recopilamos de usted<\/strong><\/h5>\n<ul>\n<li>La informaci\u00f3n personal es aquella que puede referirse a usted de una forma u otra, como la direcci\u00f3n, el sexo, el nombre, la direcci\u00f3n de correo electr\u00f3nico, etc.<\/li>\n<li>Nuestra App no requiere ni admite el registro de informaci\u00f3n del usuario\/su informaci\u00f3n personal y puede utilizarse de forma totalmente an\u00f3nima.<\/li>\n<\/ul>\n<h5><strong>4. Informaci\u00f3n no personal que recogemos autom\u00e1ticamente<\/strong><\/h5>\n<ul>\n<li>La informaci\u00f3n no personal identificable es todo tipo de informaci\u00f3n excepto la informaci\u00f3n personal. De acuerdo con esta Pol\u00edtica de Privacidad, la informaci\u00f3n no personal identificable incluye los registros del servidor del ID y tipo de su dispositivo, el idioma, el sistema operativo del dispositivo, las horas de acceso, la ubicaci\u00f3n geogr\u00e1fica del dispositivo (si est\u00e1 habilitado) y otros tipos de informaci\u00f3n que se transforman en una secuencia de caracteres de aspecto aleatorio que ya no son reconocibles (\"Informaci\u00f3n de Uso\").<\/li>\n<li>Podemos recopilar cierta Informaci\u00f3n de Uso de forma autom\u00e1tica, incluyendo, pero sin limitarse a ello, el tipo de dispositivo m\u00f3vil que usted utiliza, el identificador \u00fanico de su dispositivo m\u00f3vil, su sistema operativo m\u00f3vil e informaci\u00f3n sobre la forma en que utiliza nuestra Aplicaci\u00f3n.<\/li>\n<li>S\u00f3lo utilizamos esta Informaci\u00f3n de Uso para analizar las preferencias de nuestros usuarios y sus antecedentes t\u00e9cnicos, de modo que podamos mejorar nuestra App permanentemente y nos permita hacerla atractiva para el mayor n\u00famero de usuarios posible. No utilizamos la informaci\u00f3n de manera que se pueda identificar a un solo usuario.<\/li>\n<\/ul>\n<h5><strong>5. Proveedores de servicios - An\u00e1lisis<\/strong><\/h5>\n<ul>\n<li>Podemos utilizar proveedores de servicios externos para supervisar y analizar el uso de nuestra aplicaci\u00f3n. Estos proveedores de servicios externos tambi\u00e9n pueden obtener su informaci\u00f3n de uso para ayudarnos a entender c\u00f3mo se utiliza la aplicaci\u00f3n, como la frecuencia y la duraci\u00f3n del uso. Nunca revelamos informaci\u00f3n agregada a un socio de manera que pueda identificar a un usuario personalmente.<\/li>\n<\/ul>\n<h5><strong>6. Seguridad<\/strong><\/h5>\n<ul>\n<li>Hemos adoptado medidas razonables de seguridad t\u00e9cnica, administrativa y f\u00edsica para ayudar a proteger contra el acceso, el uso o la divulgaci\u00f3n no autorizados de la informaci\u00f3n que recogemos o almacenamos. La informaci\u00f3n s\u00f3lo es accesible para los empleados de confianza.<\/li>\n<\/ul>\n<h5><strong>7. Cambios en la pol\u00edtica de privacidad<\/strong><\/h5>\n<ul>\n<li>Esta Pol\u00edtica de Privacidad puede ser modificada de vez en cuando. Le notificaremos cualquier cambio en nuestra Pol\u00edtica de Privacidad en la App.<\/li>\n<\/ul>\n<h5><strong>8. Sus derechos<\/strong><\/h5>\n<ul>\n<li>Siempre puede solicitar informaci\u00f3n y conocer la informaci\u00f3n que hemos recopilado sobre usted. Adem\u00e1s, tiene derecho a que se corrija la informaci\u00f3n incorrecta, a limitar el procesamiento y a eliminar su informaci\u00f3n personal.<\/li>\n<\/ul>\n<h5><strong>9. Preguntas e inquietudes<\/strong><\/h5>\n<ul>\n<li>Como sabemos que se preocupa por el uso de su informaci\u00f3n personal, puede enviarnos un correo electr\u00f3nico directamente a contact@piboco.com con cualquier queja, pregunta y\/o sugerencia sobre nuestra Pol\u00edtica de Privacidad. Haremos todo lo posible para responder a sus preguntas y resolver sus preocupaciones.<\/li>\n<li>Tambi\u00e9n puede quejarse de nuestro tratamiento ante la Agencia Danesa de Protecci\u00f3n de Datos:<\/li>\n<\/ul>\n<p>Datatilsynet<br \/>\nStudiestr\u00e6de 39, 1st floor<br \/>\nDK-1455 Copenhagen K<\/p>\n<\/div><\/div><style type=\"text\/css\">.fusion-body .fusion-builder-column-0{width:100% !important;margin-top : 0px;margin-bottom : 20px;}.fusion-builder-column-0 > .fusion-column-wrapper {padding-top : 0px !important;padding-right : 0px !important;margin-right : 1.92%;padding-bottom : 0px !important;padding-left : 0px !important;margin-left : 1.92%;}@media only screen and (max-width:1024px) {.fusion-body .fusion-builder-column-0{width:100% !important;order : 0;}.fusion-builder-column-0 > .fusion-column-wrapper {margin-right : 1.92%;margin-left : 1.92%;}}@media only screen and (max-width:640px) {.fusion-body .fusion-builder-column-0{width:100% !important;order : 0;}.fusion-builder-column-0 > .fusion-column-wrapper {margin-right : 1.92%;margin-left : 1.92%;}}<\/style><\/div><\/div><style type=\"text\/css\">.fusion-body .fusion-flex-container.fusion-builder-row-1{ padding-top : 0px;margin-top : 0px;padding-right : 0px;padding-bottom : 0px;margin-bottom : 0px;padding-left : 0px;}<\/style><\/div>","protected":false},"excerpt":{"rendered":"","protected":false},"author":1,"featured_media":0,"parent":0,"menu_order":6,"comment_status":"closed","ping_status":"closed","template":"","meta":{"_acf_changed":false,"inline_featured_image":false,"footnotes":""},"class_list":["post-1110","page","type-page","status-publish","hentry"],"acf":[],"_links":{"self":[{"href":"http:\/\/www.piboco.com\/es\/wp-json\/wp\/v2\/pages\/1110","targetHints":{"allow":["GET"]}}],"collection":[{"href":"http:\/\/www.piboco.com\/es\/wp-json\/wp\/v2\/pages"}],"about":[{"href":"http:\/\/www.piboco.com\/es\/wp-json\/wp\/v2\/types\/page"}],"author":[{"embeddable":true,"href":"http:\/\/www.piboco.com\/es\/wp-json\/wp\/v2\/users\/1"}],"replies":[{"embeddable":true,"href":"http:\/\/www.piboco.com\/es\/wp-json\/wp\/v2\/comments?post=1110"}],"version-history":[{"count":5,"href":"http:\/\/www.piboco.com\/es\/wp-json\/wp\/v2\/pages\/1110\/revisions"}],"predecessor-version":[{"id":4698,"href":"http:\/\/www.piboco.com\/es\/wp-json\/wp\/v2\/pages\/1110\/revisions\/4698"}],"wp:attachment":[{"href":"http:\/\/www.piboco.com\/es\/wp-json\/wp\/v2\/media?parent=1110"}],"curies":[{"name":"wp","href":"https:\/\/api.w.org\/{rel}","templated":true}]}}